{"id":515,"date":"2016-04-15T11:29:30","date_gmt":"2016-04-15T09:29:30","guid":{"rendered":"http;\/\/matsvederhus.com\/?page_id=515"},"modified":"2016-07-14T02:53:22","modified_gmt":"2016-07-14T00:53:22","slug":"dynamic-and-versatile","status":"publish","type":"page","link":"https:\/\/matsvederhus.com\/ru\/dynamic-and-versatile\/","title":{"rendered":"Dynamic and versatile"},"content":{"rendered":"<figure id=\"attachment_518\" aria-describedby=\"caption-attachment-518\" style=\"width: 676px\" class=\"wp-caption aligncenter\"><img loading=\"lazy\" decoding=\"async\" class=\"wp-image-518 size-large\" src=\"http;\/\/matsvederhus.com\/wp-content\/uploads\/2016\/04\/12922327_10153983726321341_1070631589_o-1024x512.jpg\" alt=\"Atle Antonsen as Aksel Farstad in the movie Grand Hotel. Photo: media.filmweb.no\" width=\"676\" height=\"338\" srcset=\"https:\/\/matsvederhus.com\/wp-content\/uploads\/2016\/04\/12922327_10153983726321341_1070631589_o-1024x512.jpg 1024w, https:\/\/matsvederhus.com\/wp-content\/uploads\/2016\/04\/12922327_10153983726321341_1070631589_o-300x150.jpg 300w, https:\/\/matsvederhus.com\/wp-content\/uploads\/2016\/04\/12922327_10153983726321341_1070631589_o-768x384.jpg 768w, https:\/\/matsvederhus.com\/wp-content\/uploads\/2016\/04\/12922327_10153983726321341_1070631589_o-676x338.jpg 676w, https:\/\/matsvederhus.com\/wp-content\/uploads\/2016\/04\/12922327_10153983726321341_1070631589_o.jpg 1500w\" sizes=\"auto, (max-width: 676px) 100vw, 676px\" \/><figcaption id=\"caption-attachment-518\" class=\"wp-caption-text\">Atle Antonsen as Aksel Farstad in the movie Grand Hotel. Photo: media.filmweb.no<\/figcaption><\/figure>\n<p><strong>Atle Antonsen is not just a comedian, something his latest film is a testament to.<\/strong><\/p>\n<p>In the film Grand Hotel, which he is in town to promote on Monday, April 4 , he plays the alcoholic and rather self-absorbed writer Axel Farstad . The character has things in common with his most known character, the TV-series -anti-hero <em>Dag<\/em>, but Antonsen still think the two are quite different.<\/p>\n<p>&#8211; They have in common that they seek to be alone, but\u00a0beyond that, their motivation and personalities are widely<br \/>\ndifferent. Dag\u00a0is a reclusive, but\u00a0conscientious man\u00a0with a large and caring heart. Axel Farstad however,\u00a0is a successful writer with narcissistic traits who only cares about himself\u00a0and doesn&#8217;t have room for others in his self-absorbed<br \/>\nexistence. But he is also a man struggling with performance anxiety, writer&#8217;s block, loneliness, and alcohol.<br \/>\nAntonsen&#8217;s partner in the film is the young and unknown\u00a0H\u00e5kon B\u00f8hmer. B\u00f8hmer plays the young\u00a0boy Noah, diagnosed with Tourette&#8217;s Syndrome. His character indulges in an odd and awkward\u00a0friendship with Antonsen&#8217;s character. The experience of playing\u00a0against a child was a positive one.<br \/>\n&#8211; It was amazing, simply because H\u00e5kon is a\u00a0rare natural talent. There is always some uncertainty going into playing \u00a0against children, because you never quite know what they will deliver. H\u00e5kon\u00a0was fabulous to play against, so we could make each other better.<\/p>\n<p><strong>More serious<\/strong><br \/>\nLately Antonsen has gone from being a comedian to\u00a0becoming a more serious actor.<br \/>\n&#8211; I like to vary and seek new challenges. I get the\u00a0opportunity to do this through new and exciting projects, and this shapes me all the time. I am a happy man\u00a0career-wise. The thought of trying to master as many\u00a0forms as possible appeals to me, and it always has done.<br \/>\nHis career has taken a very different direction lately, but nonetheless, for the next two to three years, it is still likely that he\u00a0will be tackling many different types of projects.<br \/>\n&#8211; I have no long-term plan for where I&#8217;m going or what\u00a0I&#8217;m doing, but it will include both drama and comedy on stage,<br \/>\nTV and the big screen.<br \/>\nHowever, there are not watertight bulkheads between these\u00a0expressions. In the role of Dag, for example, he could jump from\u00a0heavy drama to wild\u00a0comedy in an instant.<br \/>\n&#8211; I believe such diversity in terms of the same\u00a0series or movie is a good thing. It creates a lot of dynamism and<br \/>\ndramaturgy, and the contrasts amplify both expressions.<br \/>\nGrand Hotel is a comedy drama with room for both\u00a0vulnerability and laughter.<\/p>\n<p><strong>Primarily comedian<\/strong><br \/>\nNevertheless, he emphasizes that he is first and foremost a comedian,\u00a0and that he probably will continue to be.<br \/>\n&#8211; This is where everything emanates from. But it can also\u00a0be good to take that into more drama based stuff. As<br \/>\npreviously stated it is only a plus to be able to combine\u00a0this.<br \/>\nRecently he played in the play <em>The Magic Flute<\/em> at the opera in\u00a0Oslo, and it was a nice experience, although he does not see himself doing more of it.<br \/>\n&#8211; I probably won&#8217;t partake in any more operas, although it was\u00a0an amazing experience to play with such specialists on<br \/>\nNorway&#8217;s most amazing scene. It was a lot of work to reach the finish line, yes, but very liberating and a<br \/>\nrelief that it went so well. Opera, check.<br \/>\nDespite the fact that he is famous, it is something he sees\u00a0as a necessary part of his job and not something he<br \/>\nvalues in and of itself.<br \/>\n&#8211; It is as a result of the discipline and craft I&#8217;m\u00a0doing that I am famous, I&#8217;m happy for that and it\u00a0is also inevitable. That many people would love to be known without having any talent or skill in any direction or any meaning behind it\u00a0beyond the celebrity part, is in my eyes complete\u00a0incomprehensible and quite frankly embarassing. At the same time, they probably think\u00a0that it is cooler than it is. The famous bit, that is.<\/p>\n","protected":false},"excerpt":{"rendered":"<p>Atle Antonsen is not just a comedian, something his latest film is a testament to. In the film Grand Hotel, which he is in town&#8230;<\/p>\n<div class=\"more-link-wrapper\"><a class=\"more-link\" href=\"https:\/\/matsvederhus.com\/ru\/dynamic-and-versatile\/\">\u0427\u0438\u0442\u0430\u0442\u044c \u0434\u0430\u043b\u044c\u0448\u0435<span class=\"screen-reader-text\">Dynamic and versatile<\/span><\/a><\/div>\n","protected":false},"author":1,"featured_media":0,"parent":0,"menu_order":0,"comment_status":"closed","ping_status":"closed","template":"","meta":{"footnotes":""},"class_list":["post-515","page","type-page","status-publish","hentry","entry"],"translation":{"provider":"WPGlobus","version":"3.0.0","language":"ru","enabled_languages":["en","ru","no"],"languages":{"en":{"title":true,"content":true,"excerpt":false},"ru":{"title":false,"content":false,"excerpt":false},"no":{"title":true,"content":true,"excerpt":false}}},"_links":{"self":[{"href":"https:\/\/matsvederhus.com\/ru\/wp-json\/wp\/v2\/pages\/515","targetHints":{"allow":["GET"]}}],"collection":[{"href":"https:\/\/matsvederhus.com\/ru\/wp-json\/wp\/v2\/pages"}],"about":[{"href":"https:\/\/matsvederhus.com\/ru\/wp-json\/wp\/v2\/types\/page"}],"author":[{"embeddable":true,"href":"https:\/\/matsvederhus.com\/ru\/wp-json\/wp\/v2\/users\/1"}],"replies":[{"embeddable":true,"href":"https:\/\/matsvederhus.com\/ru\/wp-json\/wp\/v2\/comments?post=515"}],"version-history":[{"count":6,"href":"https:\/\/matsvederhus.com\/ru\/wp-json\/wp\/v2\/pages\/515\/revisions"}],"predecessor-version":[{"id":558,"href":"https:\/\/matsvederhus.com\/ru\/wp-json\/wp\/v2\/pages\/515\/revisions\/558"}],"wp:attachment":[{"href":"https:\/\/matsvederhus.com\/ru\/wp-json\/wp\/v2\/media?parent=515"}],"curies":[{"name":"wp","href":"https:\/\/api.w.org\/{rel}","templated":true}]}}