{"id":639,"date":"2017-03-24T13:59:51","date_gmt":"2017-03-24T12:59:51","guid":{"rendered":"http;\/\/matsvederhus.com\/?page_id=639"},"modified":"2017-03-24T13:59:51","modified_gmt":"2017-03-24T12:59:51","slug":"modi-looks-back","status":"publish","type":"page","link":"https:\/\/matsvederhus.com\/no\/modi-looks-back\/","title":{"rendered":"MODI ser tilbake"},"content":{"rendered":"<p><i>Hvordan f\u00f8les det \u00e5 ha gitt ut album sammen?<\/i><br \/>\n<b>Amalie:<\/b> Det f\u00f8les skikkelig bra.<br \/>\n<b>Martin: <\/b>Ja, men det gj\u00f8r det.<br \/>\n<b>A:<\/b> Nesten lettende \u00e5 endelig ha f\u00e5tt gitt det ut. Vi har jobbet med det s\u00e5 lenge n\u00e5.<br \/>\n<b>M:<\/b> Det er g\u00f8y \u00e5 f\u00e5 det ut, og det er s\u00e5 g\u00f8y \u00e5 f\u00e5 tilbakemeldinger som er gode! Det er kult.<\/p>\n<p><i>Finnes det en r\u00f8d tr\u00e5d i \u00abTilbake\u00bb, enten i tekstene eller musikalsk?<\/i><br \/>\n<b>M:<\/b> Det er ikke s\u00e5nn at vi tenker at \u00abn\u00e5 skal vi skrive l\u00e5ter til Modi\u00bb. N\u00e5r vi skriver l\u00e5ter er det noen som passer og noen som ikke passer, poengterer Martin.<br \/>\n<b>A:<\/b> Albumet er egentlig bare en sammensetning av komposisjoner fra alle medlemmene, mest meg og Martin. Likevel har alle har v\u00e6rt med p\u00e5 \u00e5 skrive noe.<br \/>\n<b>M:<\/b> Det er til og med en l\u00e5t som trommisen har skrevet. Den heter \u00abOrdl\u00f8s\u00bb.<\/p>\n<p><i>Hvor kommer tittelen \u00abTilbake\u00bb fra?<\/i><br \/>\n<b>M:<\/b> Albumtittelen \u00abTilbake\u00bb kommer fra en av de sterkeste l\u00e5tene p\u00e5 albumet.<br \/>\n<b>A:<\/b> Samtidig er det et fint, \u00e5pent ord som kan omfatte mye; det \u00e5 se seg tilbake p\u00e5 det som har skjedd er noe som g\u00e5r igjen i mange av tekstene.<\/p>\n<p><i>Er MODI hovedprosjektet deres n\u00e5?<\/i><br \/>\n<b>M:<\/b> Jeg gj\u00f8r jo andre ting, men det er ikke n\u00f8dvendigvis det man bruker mest tid p\u00e5 som er hjertebarnet. MODI er hjertebarnet mitt. Det er her jeg kan komponere l\u00e5ter og v\u00e6re meg selv uten \u00e5 filtrere meg fordi jeg er p\u00e5 jobb.<\/p>\n<p><i>I hvilket format er albumet produsert?<\/i><br \/>\n<b>M:<\/b> \u00a0\u00abTilbake\u00bb er p\u00e5 mange m\u00e5ter et livealbum. Vi har litt vokaldubbing og litt synth, men bortsett fra det er alt spilt inn live. Jeg har nok tenkt litt p\u00e5 at lyd- uttrykket er \u00abold-school\u00bb, men hovedtanken for meg var at synthene skulle passe inn med kontrabass, trommer og s\u00e5 videre. Alts\u00e5 at helhetsinntrykket ble organisk.<\/p>\n<p><i>Har dere et nytt album p\u00e5 trappene?<\/i><br \/>\n<b>M:<\/b> Bandet har allerede v\u00e6rt p\u00e5 turn\u00e9 hvor vi har presentert seks til syv nye l\u00e5ter. L\u00e5tene p\u00e5 dette albumet er litt mer introverte \u2013 de kommer ikke til deg, du m\u00e5 komme til dem. Samtidig er det veldig deilig \u00e5 komme til dem \u2013 \u00e5 f\u00e5 masteren av platen for deretter \u00e5 kunne h\u00f8re p\u00e5 den p\u00e5 bra anlegg hjemme var en utrolig god f\u00f8lelse, avslutter han.<\/p>\n","protected":false},"excerpt":{"rendered":"<p>Hvordan f\u00f8les det \u00e5 ha gitt ut album sammen? Amalie: Det f\u00f8les skikkelig bra. Martin: Ja, men det gj\u00f8r det. A: Nesten lettende \u00e5 endelig&#8230;<\/p>\n<div class=\"more-link-wrapper\"><a class=\"more-link\" href=\"https:\/\/matsvederhus.com\/no\/modi-looks-back\/\">Continue reading<span class=\"screen-reader-text\">MODI ser tilbake<\/span><\/a><\/div>\n","protected":false},"author":1,"featured_media":0,"parent":0,"menu_order":0,"comment_status":"closed","ping_status":"closed","template":"","meta":{"footnotes":""},"class_list":["post-639","page","type-page","status-publish","hentry","entry"],"translation":{"provider":"WPGlobus","version":"3.0.0","language":"no","enabled_languages":["en","ru","no"],"languages":{"en":{"title":true,"content":true,"excerpt":false},"ru":{"title":false,"content":false,"excerpt":false},"no":{"title":true,"content":true,"excerpt":false}}},"_links":{"self":[{"href":"https:\/\/matsvederhus.com\/no\/wp-json\/wp\/v2\/pages\/639","targetHints":{"allow":["GET"]}}],"collection":[{"href":"https:\/\/matsvederhus.com\/no\/wp-json\/wp\/v2\/pages"}],"about":[{"href":"https:\/\/matsvederhus.com\/no\/wp-json\/wp\/v2\/types\/page"}],"author":[{"embeddable":true,"href":"https:\/\/matsvederhus.com\/no\/wp-json\/wp\/v2\/users\/1"}],"replies":[{"embeddable":true,"href":"https:\/\/matsvederhus.com\/no\/wp-json\/wp\/v2\/comments?post=639"}],"version-history":[{"count":1,"href":"https:\/\/matsvederhus.com\/no\/wp-json\/wp\/v2\/pages\/639\/revisions"}],"predecessor-version":[{"id":640,"href":"https:\/\/matsvederhus.com\/no\/wp-json\/wp\/v2\/pages\/639\/revisions\/640"}],"wp:attachment":[{"href":"https:\/\/matsvederhus.com\/no\/wp-json\/wp\/v2\/media?parent=639"}],"curies":[{"name":"wp","href":"https:\/\/api.w.org\/{rel}","templated":true}]}}