{"id":599,"date":"2016-10-30T14:27:03","date_gmt":"2016-10-30T13:27:03","guid":{"rendered":"http;\/\/matsvederhus.com\/?page_id=599"},"modified":"2016-10-30T14:27:03","modified_gmt":"2016-10-30T13:27:03","slug":"book-reviews","status":"publish","type":"page","link":"https:\/\/matsvederhus.com\/no\/book-reviews\/","title":{"rendered":"Bok-anmeldelser"},"content":{"rendered":"<p><a href=\"http;\/\/matsvederhus.com\/2016\/10\/28\/review-miss-peregrines-home-for-peculiar-children\/\">Miss Peregrine\u00a0og den hemmelige \u00f8ya<\/a>\u00a0&#8211; Ransom Riggs<\/p>\n<p><a href=\"http;\/\/matsvederhus.com\/2016\/10\/30\/a-good-debut\/\">Skyggejakten<\/a>\u00a0&#8211; J\u00f8rgen J\u00e6ger<\/p>\n<p><a href=\"http;\/\/matsvederhus.com\/2016\/03\/24\/review-the-son-by-jo-nesbo\/\">S\u00f8nnen<\/a>\u00a0&#8211; Jo Nesb\u00f8<\/p>\n","protected":false},"excerpt":{"rendered":"<p>Miss Peregrine\u00a0og den hemmelige \u00f8ya\u00a0&#8211; Ransom Riggs Skyggejakten\u00a0&#8211; J\u00f8rgen J\u00e6ger S\u00f8nnen\u00a0&#8211; Jo Nesb\u00f8<\/p>\n","protected":false},"author":1,"featured_media":0,"parent":0,"menu_order":0,"comment_status":"closed","ping_status":"closed","template":"","meta":{"footnotes":""},"class_list":["post-599","page","type-page","status-publish","hentry","entry"],"translation":{"provider":"WPGlobus","version":"3.0.0","language":"no","enabled_languages":["en","ru","no"],"languages":{"en":{"title":true,"content":true,"excerpt":false},"ru":{"title":false,"content":false,"excerpt":false},"no":{"title":true,"content":true,"excerpt":false}}},"_links":{"self":[{"href":"https:\/\/matsvederhus.com\/no\/wp-json\/wp\/v2\/pages\/599","targetHints":{"allow":["GET"]}}],"collection":[{"href":"https:\/\/matsvederhus.com\/no\/wp-json\/wp\/v2\/pages"}],"about":[{"href":"https:\/\/matsvederhus.com\/no\/wp-json\/wp\/v2\/types\/page"}],"author":[{"embeddable":true,"href":"https:\/\/matsvederhus.com\/no\/wp-json\/wp\/v2\/users\/1"}],"replies":[{"embeddable":true,"href":"https:\/\/matsvederhus.com\/no\/wp-json\/wp\/v2\/comments?post=599"}],"version-history":[{"count":1,"href":"https:\/\/matsvederhus.com\/no\/wp-json\/wp\/v2\/pages\/599\/revisions"}],"predecessor-version":[{"id":600,"href":"https:\/\/matsvederhus.com\/no\/wp-json\/wp\/v2\/pages\/599\/revisions\/600"}],"wp:attachment":[{"href":"https:\/\/matsvederhus.com\/no\/wp-json\/wp\/v2\/media?parent=599"}],"curies":[{"name":"wp","href":"https:\/\/api.w.org\/{rel}","templated":true}]}}