{"id":515,"date":"2016-04-15T11:29:30","date_gmt":"2016-04-15T09:29:30","guid":{"rendered":"http;\/\/matsvederhus.com\/?page_id=515"},"modified":"2016-07-14T02:53:22","modified_gmt":"2016-07-14T00:53:22","slug":"dynamic-and-versatile","status":"publish","type":"page","link":"https:\/\/matsvederhus.com\/no\/dynamic-and-versatile\/","title":{"rendered":"Dynamisk og allsidig"},"content":{"rendered":"<figure id=\"attachment_518\" aria-describedby=\"caption-attachment-518\" style=\"width: 676px\" class=\"wp-caption aligncenter\"><img loading=\"lazy\" decoding=\"async\" class=\"wp-image-518 size-large\" src=\"http;\/\/matsvederhus.com\/wp-content\/uploads\/2016\/04\/12922327_10153983726321341_1070631589_o-1024x512.jpg\" alt=\"Atle Antonsen as Aksel Farstad in the movie Grand Hotel. Photo: media.filmweb.no\" width=\"676\" height=\"338\" srcset=\"https:\/\/matsvederhus.com\/wp-content\/uploads\/2016\/04\/12922327_10153983726321341_1070631589_o-1024x512.jpg 1024w, https:\/\/matsvederhus.com\/wp-content\/uploads\/2016\/04\/12922327_10153983726321341_1070631589_o-300x150.jpg 300w, https:\/\/matsvederhus.com\/wp-content\/uploads\/2016\/04\/12922327_10153983726321341_1070631589_o-768x384.jpg 768w, https:\/\/matsvederhus.com\/wp-content\/uploads\/2016\/04\/12922327_10153983726321341_1070631589_o-676x338.jpg 676w, https:\/\/matsvederhus.com\/wp-content\/uploads\/2016\/04\/12922327_10153983726321341_1070631589_o.jpg 1500w\" sizes=\"auto, (max-width: 676px) 100vw, 676px\" \/><figcaption id=\"caption-attachment-518\" class=\"wp-caption-text\">Atle Antonsen as Aksel Farstad in the movie Grand Hotel. Photo: media.filmweb.no<\/figcaption><\/figure>\n<p><strong>Atle Antonsen er ikke bare en komiker, noe hans siste film er et bevis p\u00e5. <\/strong><\/p>\n<p>I filmen <em>Grand Hotel<\/em>, som han kommer til Trondheim for \u00e5 promotere mandag den fjerde april, spiller han den alkoholiserte og temmelig selvopptatte forfatteren Axel Farstad. Karakteren har en del til felles med hans mest kjente karakter, tv-seriefiguren Dag, men Antonsen oppfatter likevel at de to er ganske forskjellige.<\/p>\n<p>\u2013 De har det til felles at de s\u00f8ker \u00e5 v\u00e6re alene, men utover det er motivasjonen og personligheten deres vidt forskjellige. Dag er en folkesky, men samvittighetsfull klippe med et stort og omsorgsfullt hjerte. Axel Farstad derimot, er en suksessforfatter med narsissistiske trekk som er seg selv nok og ikke har plass til andre i sin selvforherligende tilv\u00e6relse. Samtidig er han ogs\u00e5 en mann som sliter med prestasjonsangst, skrivesperre, ensomhet, og alkohol.<\/p>\n<p>\u2013 De har det til felles at de s\u00f8ker \u00e5 v\u00e6re alene, men utover det er motivasjonen og personligheten deres vidt forskjellige. Dag er en folkesky, men samvittighetsfull klippe med et stort og omsorgsfullt hjerte. Axel Farstad derimot, er en suksessforfatter med narsissistiske trekk som er seg selv nok og ikke har plass til andre i sin selvforherligende tilv\u00e6relse. Samtidig er han ogs\u00e5 en mann som sliter med prestasjonsangst, skrivesperre, ensomhet, og alkohol.<\/p>\n<h2>Mer seri\u00f8s<\/h2>\n<p>Den siste tiden har Antonsen g\u00e5tt fra \u00e5 v\u00e6re en komiker til \u00e5 bli en mer seri\u00f8s skuespiller.<\/p>\n<p>\u2013 Jeg liker \u00e5 variere og s\u00f8ke nye utfordringer. Dette f\u00e5r jeg muligheten til gjennom nye og spennende prosjekter, og ikke minst former det meg hele tiden. Jeg er en lykkelig mann karrieremessig. Tanken p\u00e5 \u00e5 fors\u00f8ke \u00e5 beherske s\u00e5 mange former som mulig tiltaler meg veldig, og det har den alltid gjort.<\/p>\n<p>Karrieren hans har tatt en ganske annen retning den siste tiden, men de neste to-tre \u00e5rene ligger det likevel an til at han skal v\u00e6re med i mange forskjellige prosjekter.<\/p>\n<p>\u2013 Jeg har ingen langsiktig plan for hvor jeg skal eller hva jeg skal gj\u00f8re, men det blir b\u00e5de drama og komedie p\u00e5 scene, skjerm, og lerret.<\/p>\n<p>Dog er det ikke vanntette skott mellom disse uttrykkene. I rollen som Dag, for eksempel, hoppes det raskt og effektivt mellom tyngre drama og spinnvill komedie.<\/p>\n<p>\u2013 Jeg mener en slik bredde i uttrykkene i samme serie eller film gj\u00f8r godt. Det skaper mye dynamikk og dramaturgi, og kontrastene forsterker begge uttrykkene. Grand Hotel er en dramakomedie med rom for b\u00e5de s\u00e5rbarhet og latter.<\/p>\n<h2>Komiker f\u00f8rst og fremst<\/h2>\n<p>Likevel er han klar p\u00e5 at han f\u00f8rst og fremst er komiker, og at det nok kommer til \u00e5 fortsette \u00e5 v\u00e6re slik.<\/p>\n<p>\u2013 Det er der alt springer ut i fra. Men det kan det ogs\u00e5 v\u00e6re godt \u00e5 ta med seg inn i mer dramabaserte ting. Som tidligere nevnt s\u00e5 er det bare et pluss \u00e5 kunne kombinere dette.<\/p>\n<p>Nylig spilte han i stykket Tryllefl\u00f8yten p\u00e5 operaen i Oslo, og det var en fin opplevelse, selv om han ikke ser seg selv gj\u00f8re mer av det med det f\u00f8rste.<\/p>\n<p>\u2013 Det blir nok ikke flere operaer, selv om det var en utrolig opplevelse \u00e5 f\u00e5 leke med slike spesialister p\u00e5 Norges mest fantastiske scene. Sv\u00e6rt mye jobb for \u00e5 komme i m\u00e5l var det jo, men veldig befriende og en lettelse at det gikk s\u00e5 bra. Opera, check.<\/p>\n<p>P\u00e5 tross av at han selv er profilert, er det noe han ser p\u00e5 som en n\u00f8dvendig del av jobben, og ikke noe han verdsetter i seg selv.<\/p>\n<p>\u2013 Det er som en f\u00f8lge av det faget og h\u00e5ndverket jeg holder p\u00e5 med at jeg er kjent, det er jeg glad for og det er ogs\u00e5 uunng\u00e5elig. At mange \u00f8nsker \u00e5 v\u00e6re kjent uten \u00e5 ha noe talent eller evner i noen retning eller m\u00e5l med det utover selve kjendisbiten, er i mine \u00f8yne komplett uforst\u00e5elig og rett og slett litt pinlig.Samtidig tror vel folk at det er kulere enn det er. Alts\u00e5 det \u00e5 i seg selv v\u00e6re kjent.<\/p>\n<p>&nbsp;<\/p>\n","protected":false},"excerpt":{"rendered":"<p>Atle Antonsen er ikke bare en komiker, noe hans siste film er et bevis p\u00e5. I filmen Grand Hotel, som han kommer til Trondheim for&#8230;<\/p>\n<div class=\"more-link-wrapper\"><a class=\"more-link\" href=\"https:\/\/matsvederhus.com\/no\/dynamic-and-versatile\/\">Continue reading<span class=\"screen-reader-text\">Dynamisk og allsidig<\/span><\/a><\/div>\n","protected":false},"author":1,"featured_media":0,"parent":0,"menu_order":0,"comment_status":"closed","ping_status":"closed","template":"","meta":{"footnotes":""},"class_list":["post-515","page","type-page","status-publish","hentry","entry"],"translation":{"provider":"WPGlobus","version":"3.0.0","language":"no","enabled_languages":["en","ru","no"],"languages":{"en":{"title":true,"content":true,"excerpt":false},"ru":{"title":false,"content":false,"excerpt":false},"no":{"title":true,"content":true,"excerpt":false}}},"_links":{"self":[{"href":"https:\/\/matsvederhus.com\/no\/wp-json\/wp\/v2\/pages\/515","targetHints":{"allow":["GET"]}}],"collection":[{"href":"https:\/\/matsvederhus.com\/no\/wp-json\/wp\/v2\/pages"}],"about":[{"href":"https:\/\/matsvederhus.com\/no\/wp-json\/wp\/v2\/types\/page"}],"author":[{"embeddable":true,"href":"https:\/\/matsvederhus.com\/no\/wp-json\/wp\/v2\/users\/1"}],"replies":[{"embeddable":true,"href":"https:\/\/matsvederhus.com\/no\/wp-json\/wp\/v2\/comments?post=515"}],"version-history":[{"count":6,"href":"https:\/\/matsvederhus.com\/no\/wp-json\/wp\/v2\/pages\/515\/revisions"}],"predecessor-version":[{"id":558,"href":"https:\/\/matsvederhus.com\/no\/wp-json\/wp\/v2\/pages\/515\/revisions\/558"}],"wp:attachment":[{"href":"https:\/\/matsvederhus.com\/no\/wp-json\/wp\/v2\/media?parent=515"}],"curies":[{"name":"wp","href":"https:\/\/api.w.org\/{rel}","templated":true}]}}