{"id":406,"date":"2015-07-21T17:25:16","date_gmt":"2015-07-21T15:25:16","guid":{"rendered":"https:\/\/matsvederhus.wordpress.com\/?page_id=130"},"modified":"2020-01-26T23:25:48","modified_gmt":"2020-01-26T22:25:48","slug":"books","status":"publish","type":"page","link":"https:\/\/matsvederhus.com\/no\/","title":{"rendered":"B\u00f8ker"},"content":{"rendered":"\n<div class=\"wp-block-media-text alignwide is-stacked-on-mobile\"><figure class=\"wp-block-media-text__media\"><a href=\"http:\/\/matsvederhus.com\/no\/trouble-in-trondheim-bikers-and-gangsters\/\"><img loading=\"lazy\" decoding=\"async\" width=\"724\" height=\"1024\" src=\"http:\/\/matsvederhus.com\/wp-content\/uploads\/2015\/07\/troubleintrondhem1-724x1024.jpg\" alt=\"\" class=\"wp-image-128\" srcset=\"https:\/\/matsvederhus.com\/wp-content\/uploads\/2015\/07\/troubleintrondhem1-724x1024.jpg 724w, https:\/\/matsvederhus.com\/wp-content\/uploads\/2015\/07\/troubleintrondhem1-212x300.jpg 212w, https:\/\/matsvederhus.com\/wp-content\/uploads\/2015\/07\/troubleintrondhem1-768x1086.jpg 768w, https:\/\/matsvederhus.com\/wp-content\/uploads\/2015\/07\/troubleintrondhem1-1200x1697.jpg 1200w\" sizes=\"auto, (max-width: 724px) 100vw, 724px\" \/><\/a><\/figure><div class=\"wp-block-media-text__content\">\n<p>Kurt Hammer er i tr\u00f8bbel. Hans <\/p>\n\n\n\n<p>kone og barn har blitt brutalt <\/p>\n\n\n\n<p>myrdet, og Hammer m\u00e5 forlate <\/p>\n\n\n\n<p>fortiden sin. P\u00e5 samme tid dreper <\/p>\n\n\n\n<p>en seriemorder tilsynelatende <\/p>\n\n\n\n<p>uskyldige ofre i Trondheim, og <\/p>\n\n\n\n<p>politiet st\u00e5r uten spor.<a href=\"http:\/\/matsvederhus.com\/trouble-in-trondheim-bikers-and-gangsters\/\">&nbsp;<\/a><\/p>\n\n\n\n<p><a href=\"http:\/\/matsvederhus.com\/no\/trouble-in-trondheim-bikers-and-gangsters\/\">Kurt Hammer m\u00e5 redde dagen.<\/a><\/p>\n\n\n\n<p><em>Vederhus er f\u00f8dt i Norge og <\/em><\/p>\n\n\n\n<p><em>utdannet journalist, og han tar <\/em><\/p>\n\n\n\n<p><em>sine egne erfaringer og gj\u00f8r dem<\/em><\/p>\n\n\n\n<p><em>om til en hardkokt krim som <\/em><\/p>\n\n\n\n<p><em>\u00e5penbart<\/em> <em>nyter godt av hans <\/em><\/p>\n\n\n\n<p><em>egne observasjoner.&nbsp;<\/em>&nbsp;\u2013&nbsp;<a href=\"https:\/\/www.amazon.com\/gp\/profile\/amzn1.account.AGPTMYIBM7GFANUED2N4IZCLAULA\/ref=cm_cr_dp_d_gw_tr?ie=UTF8\">Celia<\/a><\/p>\n<\/div><\/div>\n\n\n\n<div class=\"wp-block-media-text alignwide is-stacked-on-mobile\"><figure class=\"wp-block-media-text__media\"><a href=\"http:\/\/matsvederhus.com\/no\/murder-in-lima\/\"><img loading=\"lazy\" decoding=\"async\" width=\"690\" height=\"1024\" src=\"http:\/\/matsvederhus.com\/wp-content\/uploads\/2016\/12\/murderinlima-690x1024.jpg\" alt=\"Murder in Lima - Cover\" class=\"wp-image-626\" srcset=\"https:\/\/matsvederhus.com\/wp-content\/uploads\/2016\/12\/murderinlima-690x1024.jpg 690w, https:\/\/matsvederhus.com\/wp-content\/uploads\/2016\/12\/murderinlima-202x300.jpg 202w, https:\/\/matsvederhus.com\/wp-content\/uploads\/2016\/12\/murderinlima-768x1139.jpg 768w, https:\/\/matsvederhus.com\/wp-content\/uploads\/2016\/12\/murderinlima-676x1003.jpg 676w\" sizes=\"auto, (max-width: 690px) 100vw, 690px\" \/><\/a><\/figure><div class=\"wp-block-media-text__content\">\n<p>Kurt Hammer befinner seg i Lima, <\/p>\n\n\n\n<p>Peru for \u00e5 unnslippe demonene <\/p>\n\n\n\n<p>sine og kvitte seg med <\/p>\n\n\n\n<p>alkoholismen. Ferien tar br\u00e5tt <\/p>\n\n\n\n<p>en uhyggelig vending, n\u00e5r Kurt <\/p>\n\n\n\n<p>blir vitne til det brutale mordet <\/p>\n\n\n\n<p>p\u00e5 en gammel venn.<\/p>\n\n\n\n<p>I m\u00f8te med den vanskeligste saken <\/p>\n\n\n\n<p>i livet sitt, kan Kurt finne morderen \u2013\u00a0<\/p>\n\n\n\n<p><a href=\"http:\/\/matsvederhus.com\/no\/murder-in-lima\/\">og unng\u00e5 \u00e5 bli offer for egne <\/a><\/p>\n\n\n\n<p><a href=\"http:\/\/matsvederhus.com\/murder-in-lima\/\">demoner?<\/a><\/p>\n<\/div><\/div>\n","protected":false},"excerpt":{"rendered":"<p>Kurt Hammer er i tr\u00f8bbel. Hans kone og barn har blitt brutalt myrdet, og Hammer m\u00e5 forlate fortiden sin. P\u00e5 samme tid dreper en seriemorder&#8230;<\/p>\n<div class=\"more-link-wrapper\"><a class=\"more-link\" href=\"https:\/\/matsvederhus.com\/no\/\">Continue reading<span class=\"screen-reader-text\">B\u00f8ker<\/span><\/a><\/div>\n","protected":false},"author":1,"featured_media":0,"parent":0,"menu_order":0,"comment_status":"open","ping_status":"open","template":"","meta":{"footnotes":""},"class_list":["post-406","page","type-page","status-publish","hentry","entry"],"translation":{"provider":"WPGlobus","version":"3.0.0","language":"no","enabled_languages":["en","ru","no"],"languages":{"en":{"title":true,"content":true,"excerpt":false},"ru":{"title":true,"content":true,"excerpt":false},"no":{"title":true,"content":true,"excerpt":false}}},"_links":{"self":[{"href":"https:\/\/matsvederhus.com\/no\/wp-json\/wp\/v2\/pages\/406","targetHints":{"allow":["GET"]}}],"collection":[{"href":"https:\/\/matsvederhus.com\/no\/wp-json\/wp\/v2\/pages"}],"about":[{"href":"https:\/\/matsvederhus.com\/no\/wp-json\/wp\/v2\/types\/page"}],"author":[{"embeddable":true,"href":"https:\/\/matsvederhus.com\/no\/wp-json\/wp\/v2\/users\/1"}],"replies":[{"embeddable":true,"href":"https:\/\/matsvederhus.com\/no\/wp-json\/wp\/v2\/comments?post=406"}],"version-history":[{"count":69,"href":"https:\/\/matsvederhus.com\/no\/wp-json\/wp\/v2\/pages\/406\/revisions"}],"predecessor-version":[{"id":1177,"href":"https:\/\/matsvederhus.com\/no\/wp-json\/wp\/v2\/pages\/406\/revisions\/1177"}],"wp:attachment":[{"href":"https:\/\/matsvederhus.com\/no\/wp-json\/wp\/v2\/media?parent=406"}],"curies":[{"name":"wp","href":"https:\/\/api.w.org\/{rel}","templated":true}]}}