{"id":1416,"date":"2021-09-24T18:19:34","date_gmt":"2021-09-24T16:19:34","guid":{"rendered":"http:\/\/matsvederhus.com\/?page_id=1416"},"modified":"2021-10-06T19:08:39","modified_gmt":"2021-10-06T17:08:39","slug":"putin-is-tightening-his-grip-on-independent-journalists","status":"publish","type":"page","link":"https:\/\/matsvederhus.com\/no\/putin-is-tightening-his-grip-on-independent-journalists\/","title":{"rendered":"Putin strammer grepet om uavhengige journalister"},"content":{"rendered":"\n<p>Journalisten tok kontakt med&nbsp;<a href=\"https:\/\/www.theins.ru\/\">The Insider<\/a>&nbsp;for \u00e5 h\u00f8re om arbeidsforholdene til uavhengige journalister i Russland. Det er en uavhengig nettavis som opererer fra Latvia, men som henvender seg til russiskspr\u00e5klige lesere.<\/p>\n\n\n\n<p>Sjefredakt\u00f8r&nbsp;Roman Dobrokhotov&nbsp;er skeptisk til fremtiden.<\/p>\n\n\n\n<p>\u2013 Akkurat n\u00e5 forbereder alle uavhengige journalister som jobber i Russland seg p\u00e5 ulike innstramminger i lover og regler, samt \u00f8kt press. De siste m\u00e5nedene har angrep mot journalister blitt trappet opp: man kan huske&nbsp;<a href=\"https:\/\/www.theguardian.com\/world\/2021\/apr\/10\/russian-police-raid-home-of-prominent-journalist-roman-anin\">arrestasjonen av<\/a>&nbsp;Roman Anin, den&nbsp;<a href=\"https:\/\/www.theguardian.com\/world\/2021\/feb\/15\/russia-refuses-to-tell-me-what-i-committed-says-ex-journalist\">p\u00e5g\u00e5ende saken mot<\/a>&nbsp;Ivan Safronov, innf\u00f8ringen av nye lover om injurier og andre lover som skjerper sensuren, sier han.<\/p>\n\n\n\n<p>Dobrokhotov legger ikke skjul p\u00e5 hva han mener om president&nbsp;Vladimir Putin.<\/p>\n\n\n\n<p>\u2013 Sannsynligvis vil situasjonen bli enda verre. Putin fors\u00f8ker \u00e5 fullstendig \u00f8delegge den frie pressen, slik det var i Sovjetunionen f\u00f8r perestrojka, og vil gj\u00f8re alt for \u00e5 oppn\u00e5 dette.<\/p>\n\n\n\n<h3 class=\"wp-block-heading\">Et mareritt<\/h3>\n\n\n\n<p>Dobrokhotovs uttalelser kommer i kj\u00f8lvannet av et marerittaktig halv\u00e5r for uavhengige journalister i Russland.<\/p>\n\n\n\n<figure class=\"wp-block-image size-full is-resized\"><img loading=\"lazy\" decoding=\"async\" src=\"http:\/\/matsvederhus.com\/wp-content\/uploads\/2021\/09\/465711.jpg\" alt=\"\" class=\"wp-image-1417\" width=\"610\" height=\"457\" srcset=\"https:\/\/matsvederhus.com\/wp-content\/uploads\/2021\/09\/465711.jpg 342w, https:\/\/matsvederhus.com\/wp-content\/uploads\/2021\/09\/465711-300x225.jpg 300w\" sizes=\"auto, (max-width: 610px) 100vw, 610px\" \/><figcaption>Roman Dobrokhotov Foto: The Insider<\/figcaption><\/figure>\n\n\n\n<p>Den 3. februar ble redakt\u00f8ren for den uavhengige russiske nettavisen Mediazona d\u00f8mt til&nbsp;<a href=\"https:\/\/meduza.io\/en\/news\/2021\/02\/03\/moscow-court-hands-25-day-jail-sentence-prominent-independent-journalist-sergey-smirnov\">tjuefem dager i fengsel<\/a>. Den 23. april ble den uavhengige nettavisen Meduza&nbsp;<a href=\"https:\/\/meduza.io\/en\/feature\/2021\/04\/26\/meduza-is-a-foreign-agent-now-what-s-next\">lagt til<\/a>&nbsp;listen over det russiske justisdepartementets liste over utenlandske agenter. Dette inneb\u00e6rer at de er n\u00f8dt til \u00e5 informere om deres nye status i alle artikler, ogs\u00e5 p\u00e5 sosiale medier, i en font som er dobbelt s\u00e5 stor som resten av innholdet. Dette har f\u00f8rt til at de har mistet mange annons\u00f8rer.<\/p>\n\n\n\n<p>\u2013 Slik vi forst\u00e5r det ble Meduza registrert som utenlandske agenter som en \u00absymmetrisk respons\u00bb p\u00e5 Latvias forbud mot det statseide russiske mediehuset RT. Men andre publikasjoner risikerer selvf\u00f8lgelig ogs\u00e5 \u00e5 havne p\u00e5 denne listen, p\u00e5peker Dobrokhotov.<\/p>\n\n\n\n<p>Journalisten har fors\u00f8kt \u00e5 komme i kontakt med Meduza uten \u00e5 lykkes.<\/p>\n\n\n\n<h3 class=\"wp-block-heading\">\u2013 Fra vondt til verre<\/h3>\n\n\n\n<p>Tidligere mange\u00e5rig Moskva-korrespondent for NRK,&nbsp;Hans-Wilhelm Steinfeldt, er enig i Dobrokhotovs dystre sp\u00e5dommer. Han minner om strategien \u00abRevisjon 6\u00bb som ble fremlagt av Putin i 2000, hvor det blir beskrevet som \u00abstrategisk viktig \u00e5 ta over media\u00bb.<\/p>\n\n\n\n<p>\u2013 Det var et post-stalinistisk, modernisert, men klart autorit\u00e6rt handlingsprogram, sier Steinfeldt.<\/p>\n\n\n\n<p>Steinfeldt viser til sin egen bok om Putin fra i fjor, hvor han beskriver at den folkekj\u00e6re forfatteren&nbsp;Vladimir Vojnovitsj&nbsp;fikk utdelt Russlands litteraturpris i 2001.<\/p>\n\n\n\n<p>Men i 2015 hadde forholdet skj\u00e6rt seg, og Vojnovitsj \u00f8nsket p\u00e5 Putins f\u00f8dselsdag at \u00abet internasjonalt tribunal m\u00e5 ta seg av ham. (&#8230;) Enhver diktator er en tragisk figur. Jeg f\u00f8ler ingen medlidenhet med Putin, men med hans ofre \u2026 N\u00e5r et menneske har sittet lengre enn 15 \u00e5r ved makten, g\u00e5r han fra vettet. Ikke billedlig, men i medisinsk forstand. Han utvikler stormannsgalskap, paranoia og regner seg som en betydelig feltherre, og rundt ham er det bare mistenkelige fiender som han med forakt finner i hvert individ!\u00bb<\/p>\n\n\n\n<h3 class=\"wp-block-heading\">Faller fra bunnplassering<\/h3>\n\n\n\n<p>En annen uavhengig nettavis som ble lagt ned i \u00e5r er nettavisen VTimes, som ble startet av avhoppende journalister fra business-avisen Vedomosti.<\/p>\n\n\n\n<p>Avisen ble lagt ned den 12 juni, p\u00e5 Russlands uavhengighetsdag.<\/p>\n\n\n\n<p>\u2013 Risikoen for \u00e5 bli rettsforfulgt var for stor, b\u00e5de for ledelsen og journalistene, sa grunnlegger og journalist&nbsp;Aleksandr Gubski&nbsp;til RSF.<\/p>\n\n\n\n<p>I&nbsp;<a href=\"https:\/\/rsf.org\/en\/ranking\">World Press Freedom Index<\/a>, som blir publisert hvert \u00e5r av Reportere uten grenser, falt Russland fra 149. til 150.-plass (av 180 land) i 2021.<\/p>\n\n\n\n<p>Russland sk\u00e5rer ogs\u00e5 0\/4 p\u00e5 Freedom Houses rangering av sp\u00f8rsm\u00e5let \u00abEr det frie og uavhengige medier?\u00bb<\/p>\n\n\n\n<h3 class=\"wp-block-heading\">Under sterkt press<\/h3>\n\n\n\n<p>Atle Staalesen&nbsp;i The Barents Observer, den eneste norske nettavisen som publiserer p\u00e5 russisk, skriver at uavhengige russiske journalister lenge har v\u00e6rt under sterkt press.<\/p>\n\n\n\n<p>\u2013 Og dette presset er blitt ytterligere forsterket i l\u00f8pet av det siste \u00e5ret. Loven om utenlandske agenter er blitt gradvis skjerpet og innbefatter n\u00e5 praktisk talt alle som har en relasjon til utlandet og som driver med \u00abpolitisk aktivitet\u00bb (les: uavhengig journalistikk), skriver Staalesen til Journalisten.<\/p>\n\n\n\n<figure class=\"wp-block-image size-full is-resized\"><img loading=\"lazy\" decoding=\"async\" src=\"http:\/\/matsvederhus.com\/wp-content\/uploads\/2021\/10\/atlestaalesen.jpg\" alt=\"\" class=\"wp-image-1425\" width=\"629\" height=\"420\" srcset=\"https:\/\/matsvederhus.com\/wp-content\/uploads\/2021\/10\/atlestaalesen.jpg 343w, https:\/\/matsvederhus.com\/wp-content\/uploads\/2021\/10\/atlestaalesen-300x200.jpg 300w\" sizes=\"auto, (max-width: 629px) 100vw, 629px\" \/><figcaption>Atle Staalesen <strong>Foto:<\/strong> The Barents Observer<\/figcaption><\/figure>\n\n\n\n<p>Flere medier, samt enkeltst\u00e5ende journalister, st\u00e5r n\u00e5 p\u00e5 denne lista, noe som gj\u00f8r det ekstremt vanskelig for dem \u00e5 gj\u00f8re jobben sin. Uavhengige journalister ses i \u00f8kende grad som potensielle \u00abfiender av staten\u00bb, p\u00e5peker han.<\/p>\n\n\n\n<p>\u2013 Lovgivningen anvendes selektivt mot alle som kan tenkes \u00e5 fremme uavhengige og utfordrende synspunkt, og b\u00e5de direkte og indirekte sensur er blitt vanlig praksis, beskriver Staalesen.<\/p>\n\n\n\n<p>\u2013 Det russiske medietilsynet Roskomnadzor har est ut til \u00e5 bli en institusjon med flere tusen ansatte som konstant overv\u00e5ker b\u00e5de ordin\u00e6re medier og sosiale medier. I dagens politiske situasjon er det ingenting som tyder p\u00e5 at forholdene for uavhengige journalister kommer til \u00e5 bli bedre. Tvert imot, konkluderer Staalesen.<\/p>\n\n\n\n<p>I mai publiserte Barents Observer en&nbsp;<a href=\"https:\/\/thebarentsobserver.com\/en\/2021\/05\/repression-law-independent-media-has-become-putins-main-enemy-state\">rapport om situasjonen for uavhengige journalister i Russland<\/a>, og der fremkommer det blant annet at antallet ansatte i Roskomnadzor har \u00f8kt fra kun 12 i 2012 til mer enn 2700 i 2020.<\/p>\n\n\n\n<p>Mer enn 800 av disse overv\u00e5ker n\u00e5 aktivitetene til 9500 medier og et stort antall sosiale medier hele d\u00f8gnet.<\/p>\n\n\n\n<h3 class=\"wp-block-heading\">Blokkert i Russland<\/h3>\n\n\n\n<p>Som Journalisten tidligere har skrevet om ble The Barents Observer i 2019 kontaktet av det russiske medietilsynet og&nbsp;<a href=\"https:\/\/journalisten.no\/barents-observer-finnmark-internett\/barents-observer-trosser-blokkering-tilgjengelig-for-russiske-lesere-igjen\/374199\">bedt om \u00e5 fjerne deres russiske oversettelse<\/a>&nbsp;av saken om den samiske og homofile&nbsp;Dan Eriksson&nbsp;i l\u00f8pet av 24 timer.<\/p>\n\n\n\n<p>\u2013 Vi nektet, og ble f\u00e5 dager senere blokkert i Russland. En veldig kjip utvikling for en avis som siden 2003 har publisert alle nyheter p\u00e5 b\u00e5de engelsk og russisk, skriver Staalesen.<\/p>\n\n\n\n<p>Den angivelige foranledningen var at Eriksson i saken forteller at han to ganger fors\u00f8kte \u00e5 ta sitt eget liv.<\/p>\n\n\n\n<p>\u2013 Men vi er overbevist om at den egentlige \u00e5rsaken var at vi publiserer p\u00e5 russisk og s\u00e5ledes fremst\u00e5r som en \u00abtrussel\u00bb i forhold til det offisielle Russlands fremstilling av virkeligheten. Hvis ikke det hadde v\u00e6rt saken om Dan Eriksson, s\u00e5 ville det sannsynligvis v\u00e6rt en annen sak, enten om situasjonen innenfor nasjonal sikkerhet, milj\u00f8 eller sivilsamfunn i nord.<\/p>\n\n\n\n<p>The Barents Observer har saks\u00f8kt det russiske medietilsynet, og saken er n\u00e5 godkjent for behandling i russisk H\u00f8yesterett.<\/p>\n\n\n\n<h3 class=\"wp-block-heading\">Fortsatt kritiske medier<\/h3>\n\n\n\n<p>Helge Blakkisrud, forsker ved Norsk Utenrikspolitisk Institutt (NUPI), forteller at pressefriheten har trange k\u00e5r, men at graden av spillerom avhenger av hvilke medier man snakker om. Muligheten for \u00e5 drive kritisk journalistikk er langt st\u00f8rre i internettbaserte medier enn i TV og radio. Han mener at det fortsatt finnes kritiske medier i Russland.<\/p>\n\n\n\n<p>\u2013 Det finnes fortsatt kritiske aviser, slik som Novaja Gazeta, og til tross for at det statlige gassmonopolet Gazprom har tatt kontroll over radiokanalen Ekho Moskva, fortsetter denne radiostasjonen \u00e5 levere god og kritisk journalistikk og debatt. Men den mest kritiske journalistikken trekker mot internett. Og mens russiske myndigheter tidligere har v\u00e6rt mest opptatt av \u00e5 kontrollere de store TV-kanalene, som utgj\u00f8r den viktigste nyhetskilden for russere flest, har de n\u00e5 i \u00f8kende grad g\u00e5tt etter internettbaserte medieplattformer, slik som Meduza, og registrert flere av disse som \u00abutenlandske agenter\u00bb, sier han.<\/p>\n\n\n\n<figure class=\"wp-block-image size-full is-resized\"><img loading=\"lazy\" decoding=\"async\" src=\"http:\/\/matsvederhus.com\/wp-content\/uploads\/2021\/10\/helgeblakkisrud.jpg\" alt=\"\" class=\"wp-image-1426\" width=\"638\" height=\"534\" srcset=\"https:\/\/matsvederhus.com\/wp-content\/uploads\/2021\/10\/helgeblakkisrud.jpg 342w, https:\/\/matsvederhus.com\/wp-content\/uploads\/2021\/10\/helgeblakkisrud-300x251.jpg 300w\" sizes=\"auto, (max-width: 638px) 100vw, 638px\" \/><figcaption>Helge Blakkisrud <strong>Foto: <\/strong>Christopher Olss\u00f8n\/NUPI<\/figcaption><\/figure>\n\n\n\n<p>Blakkisrud er enig med Staalesen om at det ikke er noen grunn til \u00e5 forvente noen endring til det bedre i den n\u00e6rmeste fremtiden.<\/p>\n\n\n\n<p>\u2013 Tvert imot, det siste halv\u00e5ret har vi sett at russiske myndigheter systematisk har strammet inn lovverket for \u00e5 kunne ut\u00f8ve sterkere kontroll med den politiske opposisjonen, sivilsamfunnet og medier. Det har blitt vedtatt en rekke endringer i lovverket som gj\u00f8r det vanskeligere for b\u00e5de journalister og akademikere \u00e5 engasjere seg i en kritisk debatt.<\/p>\n\n\n\n<p>Det har mange sett i lys av det n\u00e6rt forest\u00e5ende parlamentsvalget i september. Blakkisrud er imidlertid skeptisk.<\/p>\n\n\n\n<p>\u2013 Jeg tror ikke vi kommer til \u00e5 se noen till\u00f8p til at myndighetene vil lette p\u00e5 trykket. I 2024 er det presidentvalg, og Kreml vil ha full kontroll med oppkj\u00f8ringen til dette. I henhold til den gamle grunnloven m\u00e5tte Putin g\u00e5 av i forbindelse med dette valget. N\u00e5 er det \u00e5pnet for at han kan sitte helt frem til 2036. Men uansett hvor lenge Putin akter \u00e5 sitte, \u00f8nsker han \u00e5 ha full regi med maktoverf\u00f8ringen til en h\u00e5ndplukket arvtaker. Det gj\u00f8r at kritiske og uavhengige medier ogs\u00e5 vil ha trange k\u00e5r i \u00e5rene som kommer.<\/p>\n\n\n\n<p>Journalisten har i forbindelse med denne saken s\u00f8kt kontakt med Russlands ambassade i Oslo og utenriksdepartementet i Russland for kommentarer, forel\u00f8pig uten respons.<\/p>\n","protected":false},"excerpt":{"rendered":"<p>Journalisten tok kontakt med&nbsp;The Insider&nbsp;for \u00e5 h\u00f8re om arbeidsforholdene til uavhengige journalister i Russland. Det er en uavhengig nettavis som opererer fra Latvia, men som&#8230;<\/p>\n<div class=\"more-link-wrapper\"><a class=\"more-link\" href=\"https:\/\/matsvederhus.com\/no\/putin-is-tightening-his-grip-on-independent-journalists\/\">Continue reading<span class=\"screen-reader-text\">Putin strammer grepet om uavhengige journalister<\/span><\/a><\/div>\n","protected":false},"author":1,"featured_media":0,"parent":0,"menu_order":0,"comment_status":"closed","ping_status":"closed","template":"","meta":{"footnotes":""},"class_list":["post-1416","page","type-page","status-publish","hentry","entry"],"translation":{"provider":"WPGlobus","version":"3.0.0","language":"no","enabled_languages":["en","ru","no"],"languages":{"en":{"title":true,"content":true,"excerpt":false},"ru":{"title":false,"content":false,"excerpt":false},"no":{"title":true,"content":true,"excerpt":false}}},"_links":{"self":[{"href":"https:\/\/matsvederhus.com\/no\/wp-json\/wp\/v2\/pages\/1416","targetHints":{"allow":["GET"]}}],"collection":[{"href":"https:\/\/matsvederhus.com\/no\/wp-json\/wp\/v2\/pages"}],"about":[{"href":"https:\/\/matsvederhus.com\/no\/wp-json\/wp\/v2\/types\/page"}],"author":[{"embeddable":true,"href":"https:\/\/matsvederhus.com\/no\/wp-json\/wp\/v2\/users\/1"}],"replies":[{"embeddable":true,"href":"https:\/\/matsvederhus.com\/no\/wp-json\/wp\/v2\/comments?post=1416"}],"version-history":[{"count":12,"href":"https:\/\/matsvederhus.com\/no\/wp-json\/wp\/v2\/pages\/1416\/revisions"}],"predecessor-version":[{"id":1439,"href":"https:\/\/matsvederhus.com\/no\/wp-json\/wp\/v2\/pages\/1416\/revisions\/1439"}],"wp:attachment":[{"href":"https:\/\/matsvederhus.com\/no\/wp-json\/wp\/v2\/media?parent=1416"}],"curies":[{"name":"wp","href":"https:\/\/api.w.org\/{rel}","templated":true}]}}