{"id":968,"date":"2019-10-10T12:46:35","date_gmt":"2019-10-10T10:46:35","guid":{"rendered":"http:\/\/matsvederhus.com\/?page_id=968"},"modified":"2020-01-26T23:36:22","modified_gmt":"2020-01-26T22:36:22","slug":"murder-in-lima","status":"publish","type":"page","link":"http:\/\/matsvederhus.com\/no\/murder-in-lima\/","title":{"rendered":"Mord i Lima"},"content":{"rendered":"\n<figure class=\"wp-block-image size-large\"><img loading=\"lazy\" decoding=\"async\" width=\"1024\" height=\"932\" src=\"http:\/\/matsvederhus.com\/wp-content\/uploads\/2019\/10\/Murder-In-Lima-Promo-Hardback-Ereader_small-1024x932.png\" alt=\"\" class=\"wp-image-972\" srcset=\"http:\/\/matsvederhus.com\/wp-content\/uploads\/2019\/10\/Murder-In-Lima-Promo-Hardback-Ereader_small-1024x932.png 1024w, http:\/\/matsvederhus.com\/wp-content\/uploads\/2019\/10\/Murder-In-Lima-Promo-Hardback-Ereader_small-300x273.png 300w, http:\/\/matsvederhus.com\/wp-content\/uploads\/2019\/10\/Murder-In-Lima-Promo-Hardback-Ereader_small-768x699.png 768w, http:\/\/matsvederhus.com\/wp-content\/uploads\/2019\/10\/Murder-In-Lima-Promo-Hardback-Ereader_small.png 1130w\" sizes=\"auto, (max-width: 1024px) 100vw, 1024px\" \/><\/figure>\n\n\n\n<p class=\"has-text-align-center\"><a href=\"https:\/\/ebok.no\/ebok\/mord-i-lima_mats-vederhus\/\">Kj\u00f8p p\u00e5 ebok.no!<\/a><\/p>\n\n\n\n<p class=\"has-text-align-center\"><a href=\"https:\/\/boldbooks.no\/bokhandel\/mord-i-lima\/\">Kj\u00f8p p\u00e5 boldbooks.no!<\/a><\/p>\n\n\n\n<p><\/p>\n\n\n\n<blockquote class=\"wp-block-quote is-layout-flow wp-block-quote-is-layout-flow\"><p><strong>PROLOG<\/strong><\/p><p>En svart Mercedes Maybach Pullman stoppet opp midt i New Bond Street, under en blygr\u00e5 himmel. Regn stod som en vegg fra himmelen og ned p\u00e5 bakken &#8211; v\u00e6rgudene var tydeligvis i ekstra d\u00e5rlig hum\u00f8r denne dagen, selv for London. En mann if\u00f8rt sort bowlerhatt og frakk steg ut fra f\u00f8rersetet, lukket d\u00f8ren bak seg og gikk med bestemte skritt til den bakerste d\u00f8ren som befant seg nesten fem meter bak den fremste. Da han \u00e5pnet den, bukket han og sa, <\/p><p>\u00abVelkommen, sir!\u00bb <\/p><p>Biler&nbsp; som Rolls Royce Phantom, Porsche Panamera 4, og Aston Martin DB9&nbsp; okkuperte&nbsp; alle parkeringsplassene langs den smale gaten. Menneskene som ikke hadde barrikadert seg innend\u00f8rs for \u00e5 unnslippe regnet sto i sm\u00e5 klynger p\u00e5 hver side av gaten og pekte og hvisket seg imellom. De var tilsynelatende minst like nysgjerrige som journalistene fra redaksjoner over hele verden som hadde m\u00f8tt opp og n\u00e5 gjorde seg klar til \u00e5 overfalle den nyankomne bilen.<\/p><p>\u00abTakk,\u00bb svarte mannen, idet han gikk ut av bilen.<\/p><p>Mannen som svarte og gikk ut av bilen var lysebrun i huden, og hadde sort, kr\u00f8llete h\u00e5r som l\u00e5 i en pen bunt p\u00e5 toppen av hodet. Han var if\u00f8rt en lysebrun l\u00e6rjakke, og under den, en m\u00f8rkebl\u00e5 pologenser og en oransje t-skjorte. Et gr\u00f8nt bomullsskjerf l\u00e5 rundt halsen hans. P\u00e5 nesetippen hans satt briller med tykk, sort innfatning.<\/p><p>Sinte kameralamper som gikk av i alle retninger bombarderte ham idet journalistene konkurrerte om hvem som kunne skrike h\u00f8yest.<\/p><p>\u00abIngen kommentar,\u00bb sa mannen bestemt idet han l\u00f8p fra bilen mot to utstillingsvinduer i f\u00f8rste etasje. Han beveget seg med selvsikre skritt og en struttende nakke til en kremhvit fasade.<\/p><p>Navnet \u00abSotheby&#8217;s\u00bb skrevet med gullbokstaver fylte tomrommet mellom andre og tredje etasje. Sorte staselige d\u00f8rer med gullh\u00e5ndtak utgjorde inngangen til Sotheby&#8217;s auksjonshus. Idet han sto utenfor ble han m\u00f8tt av en h\u00f8yreist mann if\u00f8rt sort frakk og flosshatt. <\/p><p>\u00abVennligst skynd dem, sir,\u00bb sa han. \u00abAuksjonen begynner om fem minutter!\u00bb<\/p><p>\u00abTakk! Jeg regner med at jeg har et reservert sete,\u00bb svarte mannen med det gr\u00f8nne skjerfet.\u00abSelvf\u00f8lgelig!\u00bb Den h\u00f8yreiste \u00e5pnet en av de sorte d\u00f8rene. <\/p><p>\u00abVelkommen skal du v\u00e6re!\u00bb<\/p><\/blockquote>\n","protected":false},"excerpt":{"rendered":"<p>Kj\u00f8p p\u00e5 ebok.no! Kj\u00f8p p\u00e5 boldbooks.no! PROLOG En svart Mercedes Maybach Pullman stoppet opp midt i New Bond Street, under en blygr\u00e5 himmel. Regn stod&#8230;<\/p>\n<div class=\"more-link-wrapper\"><a class=\"more-link\" href=\"http:\/\/matsvederhus.com\/no\/murder-in-lima\/\">Continue reading<span class=\"screen-reader-text\">Mord i Lima<\/span><\/a><\/div>\n","protected":false},"author":1,"featured_media":0,"parent":0,"menu_order":0,"comment_status":"closed","ping_status":"closed","template":"","meta":{"footnotes":""},"class_list":["post-968","page","type-page","status-publish","hentry","entry"],"translation":{"provider":"WPGlobus","version":"3.0.0","language":"no","enabled_languages":["en","ru","no"],"languages":{"en":{"title":true,"content":true,"excerpt":false},"ru":{"title":false,"content":false,"excerpt":false},"no":{"title":true,"content":true,"excerpt":false}}},"_links":{"self":[{"href":"http:\/\/matsvederhus.com\/no\/wp-json\/wp\/v2\/pages\/968","targetHints":{"allow":["GET"]}}],"collection":[{"href":"http:\/\/matsvederhus.com\/no\/wp-json\/wp\/v2\/pages"}],"about":[{"href":"http:\/\/matsvederhus.com\/no\/wp-json\/wp\/v2\/types\/page"}],"author":[{"embeddable":true,"href":"http:\/\/matsvederhus.com\/no\/wp-json\/wp\/v2\/users\/1"}],"replies":[{"embeddable":true,"href":"http:\/\/matsvederhus.com\/no\/wp-json\/wp\/v2\/comments?post=968"}],"version-history":[{"count":11,"href":"http:\/\/matsvederhus.com\/no\/wp-json\/wp\/v2\/pages\/968\/revisions"}],"predecessor-version":[{"id":1181,"href":"http:\/\/matsvederhus.com\/no\/wp-json\/wp\/v2\/pages\/968\/revisions\/1181"}],"wp:attachment":[{"href":"http:\/\/matsvederhus.com\/no\/wp-json\/wp\/v2\/media?parent=968"}],"curies":[{"name":"wp","href":"https:\/\/api.w.org\/{rel}","templated":true}]}}