{"id":682,"date":"2018-06-21T12:26:30","date_gmt":"2018-06-21T10:26:30","guid":{"rendered":"http:\/\/matsvederhus.com\/?page_id=682"},"modified":"2019-10-10T13:41:27","modified_gmt":"2019-10-10T11:41:27","slug":"trouble-in-trondheim-bikers-and-gangsters","status":"publish","type":"page","link":"http:\/\/matsvederhus.com\/no\/trouble-in-trondheim-bikers-and-gangsters\/","title":{"rendered":"Tr\u00f8bbel i Trondheim"},"content":{"rendered":"<p style=\"text-align: center;\"><a href=\"https:\/\/matsvederhus.files.wordpress.com\/2015\/07\/troubleintrondhem1.jpg\"><img loading=\"lazy\" decoding=\"async\" class=\"alignnone size-medium wp-image-128\" src=\"https:\/\/matsvederhus.files.wordpress.com\/2015\/07\/troubleintrondhem1.jpg?w=212\" alt=\"troubleintrondhem\" width=\"212\" height=\"300\" srcset=\"http:\/\/matsvederhus.com\/wp-content\/uploads\/2015\/07\/troubleintrondhem1.jpg 2480w, http:\/\/matsvederhus.com\/wp-content\/uploads\/2015\/07\/troubleintrondhem1-212x300.jpg 212w, http:\/\/matsvederhus.com\/wp-content\/uploads\/2015\/07\/troubleintrondhem1-768x1086.jpg 768w, http:\/\/matsvederhus.com\/wp-content\/uploads\/2015\/07\/troubleintrondhem1-724x1024.jpg 724w, http:\/\/matsvederhus.com\/wp-content\/uploads\/2015\/07\/troubleintrondhem1-1200x1697.jpg 1200w\" sizes=\"auto, (max-width: 212px) 100vw, 212px\" \/><\/a><\/p>\n<p style=\"text-align: center;\">Tr\u00f8bbel i Trondheim er Mats Vederhus sin andre roman. Den ble sluppet i 2015.<\/p>\n<p style=\"text-align: center;\"><a href=\"https:\/\/ebok.no\/ebok\/trobbel-i-trondheim_mats-vederhus\/\">Kj\u00f8p p\u00e5 ebok.no!<\/a><\/p>\n<p style=\"text-align: center;\"><iframe loading=\"lazy\" src=\"https:\/\/www.youtube.com\/embed\/Oz3zbgIZTSI\" width=\"560\" height=\"315\" frameborder=\"0\" allowfullscreen=\"allowfullscreen\"><\/iframe><\/p>\n<blockquote><p><em><strong>Prolog<\/strong><\/em><\/p>\n<p>Slik han l\u00e5 fremfor henne i det \u00f8yeblikket visste hun at det ikke fantes noen vei tilbake. \u00d8ynene liksom stakk ut av hodet, lik dem hun hadde sett p\u00e5 frosker de skulle dissekere i naturfag-timene p\u00e5 barneskolen. Tungen var opphovnet og stakk ut av munnen. Ansiktet hadde f\u00e5tt et sykelig skj\u00e6r av bl\u00e5tt. Den skreddersydde dressen hang slapt og livl\u00f8st p\u00e5 kroppen, og all status den tidligere m\u00e5tte ha tilf\u00f8rt ham var n\u00e5 bare et vagt minne.<\/p>\n<p><em>Hvorfor kalte han meg en hore?<\/em> Det var ikke s\u00e5 mye lyden av ordet, men assosiasjonene det brakte med seg som fikk frem djevelen i henne. F\u00f8r hun dro hadde hun lovet seg selv at dette landet skulle bli en ny start. Hun sukket, snudde seg, gikk ut av b\u00e5sen og lukket d\u00f8ren etter seg. <em>Jeg kunne ikke noe for det, det var hans feil.<\/em> Hun entret inngangshallen p\u00e5 V\u00e6rnes flyplass.<\/p>\n<p>Utenfor inngangshallen var det begynt \u00e5 regne. Hun satte seg inn i den f\u00f8rste taxien hun kunne finne.<\/p>\n<p>\u00abHvor skal du?\u00bb<\/p>\n<p>\u00abBordell,\u00bb svarte hun.<\/p>\n<p>Hun likte ikke velkomsten, men likevel \u2013 dette landet hadde potensial.<\/p>\n<p>*<\/p>\n<p>I Aftenbladets nye lokaler i Ferjemannsveien 10 hersket en stemning av kontrollert kaos. Nesten alle journalistene var ute p\u00e5 oppdrag eller arbeidet hjemmefra mens de ventet p\u00e5 at kontorlandskapet skulle ferdigstilles. Redakt\u00f8r Karlsen hadde lett seg frem til en av de f\u00e5 som var til stede blant flytteesker, flate pakker fra IKEA, skrivere og b\u00e6rbare PCer som var satt opp p\u00e5 improviserte bordflater.<\/p>\n<p>\u00abHammer, din j\u00e6vla idiot. V\u00e5kn opp, det er en fyr som er drept p\u00e5 et toalett!\u00bb<\/p>\n<p>\u00abHm,\u00a0zzz..\u00a0h\u00e6?\u00bb<\/p>\n<p>Redakt\u00f8r Karlsen s\u00e5 oppgitt ned p\u00e5 sin mest up\u00e5litelige medarbeider.<\/p>\n<p>\u00abN\u00e6rmere bestemt p\u00e5 V\u00e6rnes. Egentlig burde jeg vel bare la deg f\u00e5 sov videre, men det er ingen andre som kan ta dette\u00a0n\u00e5.\u00bb<\/p>\n<p>\u00abSlapp &#8216;a, sjef. Jeg og Hansen tar oss av dette.\u00bb<\/p>\n<p>Karlsen sukket. \u00abDet var det jeg var redd for at du skulle\u00a0si, sj\u00f8. Bare ikke drekk flere pils!\u00bb<\/p>\n<p>\u00abNeida,\u00bb mumlet han, karret tweedfrakken til seg fra stolen og slengte den\u00a0utenp\u00e5 sin gule dress. \u00abHansen, kom, vi skal til V\u00e6rnes \u2013 helst i dag!\u00bb<\/p>\n<p>Den unge deltidsvikaren Frank Hansen s\u00e5 opp fra PC-skjermen\u00a0og kastet et skeptisk blikk p\u00e5 den lange skikkelsen. <em>Hvem var det Felicia i underholdningsavdelingen hadde sagt at han lignet p\u00e5? Jeff Bridges, var det! Selv med fedora og en sigarett konstant hengende ut av munnviken kunne man ikke unng\u00e5 sammenligningen.<\/em> Utseendemessig kunne de ikke v\u00e6rt mer forskjellige. Frank Hansen var av middels h\u00f8yde med en begynnende kulemage. Han hadde kort, brunt h\u00e5r og tettsittende bl\u00e5 \u00f8yne som s\u00e5 ut til \u00e5 blunke usedvanlig mye.<\/p>\n<p>\u00abGreit, men jeg drikker ikke p\u00e5 jobb, bare s\u00e5 du veit det.\u00bb<\/p>\n<p>\u00abDet er fordi du ikke har v\u00e6rt lenge nok i gamet det, Hansen.\u00bb<\/p>\n<p>\u00abSlapp av, Hammer. Jeg vet hva som skjedde. Alle i redaksjonen veit det. Det var f\u00f8rstesideoppslag i VG for faen.\u00bb<\/p>\n<p>Hammer sn\u00f8ftet, og sa ikke noe mer f\u00f8r de var kommet ut i en av bilene til Aftenbladet.<\/p>\n<p>\u00abH\u00f8r her din lille sn\u00f8rrvalp. Det er ikke derfor jeg drikker, bare s\u00e5 vi har det heilt p\u00e5 det rene! Det har g\u00e5tt to \u00e5r, jeg er over det der n\u00e5.\u00bb<\/p>\n<p>\u00abJa vel. Hadde det v\u00e6rt meg hadde jeg antagelig langtidssykemeldt meg p\u00e5 ubestemt tid og dratt til Bahamas. Jeg synes du har h\u00e5ndtert situasjonen bra, jeg. Men jeg drikker fortsatt ikke p\u00e5 jobb.\u00bb<\/p>\n<p>Hammer lente seg tilbake i setet og trakk fedoraen godt over pannen idet Hansen gasset p\u00e5 i retning V\u00e6rnes.<\/p><\/blockquote>\n","protected":false},"excerpt":{"rendered":"<p>Tr\u00f8bbel i Trondheim er Mats Vederhus sin andre roman. Den ble sluppet i 2015. Kj\u00f8p p\u00e5 ebok.no! Prolog Slik han l\u00e5 fremfor henne i det&#8230;<\/p>\n<div class=\"more-link-wrapper\"><a class=\"more-link\" href=\"http:\/\/matsvederhus.com\/no\/trouble-in-trondheim-bikers-and-gangsters\/\">Continue reading<span class=\"screen-reader-text\">Tr\u00f8bbel i Trondheim<\/span><\/a><\/div>\n","protected":false},"author":1,"featured_media":0,"parent":0,"menu_order":0,"comment_status":"closed","ping_status":"closed","template":"","meta":{"footnotes":""},"class_list":["post-682","page","type-page","status-publish","hentry","entry"],"translation":{"provider":"WPGlobus","version":"3.0.0","language":"no","enabled_languages":["en","ru","no"],"languages":{"en":{"title":true,"content":true,"excerpt":false},"ru":{"title":true,"content":true,"excerpt":false},"no":{"title":true,"content":true,"excerpt":false}}},"_links":{"self":[{"href":"http:\/\/matsvederhus.com\/no\/wp-json\/wp\/v2\/pages\/682","targetHints":{"allow":["GET"]}}],"collection":[{"href":"http:\/\/matsvederhus.com\/no\/wp-json\/wp\/v2\/pages"}],"about":[{"href":"http:\/\/matsvederhus.com\/no\/wp-json\/wp\/v2\/types\/page"}],"author":[{"embeddable":true,"href":"http:\/\/matsvederhus.com\/no\/wp-json\/wp\/v2\/users\/1"}],"replies":[{"embeddable":true,"href":"http:\/\/matsvederhus.com\/no\/wp-json\/wp\/v2\/comments?post=682"}],"version-history":[{"count":8,"href":"http:\/\/matsvederhus.com\/no\/wp-json\/wp\/v2\/pages\/682\/revisions"}],"predecessor-version":[{"id":982,"href":"http:\/\/matsvederhus.com\/no\/wp-json\/wp\/v2\/pages\/682\/revisions\/982"}],"wp:attachment":[{"href":"http:\/\/matsvederhus.com\/no\/wp-json\/wp\/v2\/media?parent=682"}],"curies":[{"name":"wp","href":"https:\/\/api.w.org\/{rel}","templated":true}]}}